{"id":3758,"date":"2024-02-28T10:41:32","date_gmt":"2024-02-28T09:41:32","guid":{"rendered":"https:\/\/acvb18.com\/?page_id=3758"},"modified":"2024-02-29T10:32:15","modified_gmt":"2024-02-29T09:32:15","slug":"gestion","status":"publish","type":"page","link":"https:\/\/acvb18.com\/index.php\/gestion\/","title":{"rendered":"Gestion"},"content":{"rendered":"\n<p><a href=\"https:\/\/acvb18.com\/wp-content\/uploads\/2023\/01\/Re%CC%80glement-inte%CC%81rieur-ACB-2023.pdf\" target=\"_blank\" rel=\"noreferrer noopener\">R\u00e8glement int\u00e9rieur<\/a><\/p>\n\n\n\n<p><a href=\"http:\/\/acvb18.com\/wp-content\/uploads\/2019\/03\/DEMANDE-DE-FRAIS-ACVB-1.doc\" target=\"_blank\" rel=\"noreferrer noopener\">Demande de frais<\/a><\/p>\n\n\n\n<h4 class=\"wp-block-heading\">Compte-rendu de l&rsquo;assembl\u00e9e g\u00e9n\u00e9rale pour l&rsquo;ann\u00e9e 2023<\/h4>\n\n\n\n<div data-wp-interactive=\"core\/file\" class=\"wp-block-file\"><object data-wp-bind--hidden=\"!state.hasPdfPreview\" hidden class=\"wp-block-file__embed\" data=\"https:\/\/acvb18.com\/wp-content\/uploads\/2024\/02\/CR-AG-du-09022024-ACVB.pdf\" type=\"application\/pdf\" style=\"width:100%;height:600px\" aria-label=\"Contenu embarqu\u00e9 CR AG du 09022024 ACVB.\"><\/object><a id=\"wp-block-file--media-7e53aa4c-9cff-4ae6-a697-2e05a1228012\" href=\"https:\/\/acvb18.com\/wp-content\/uploads\/2024\/02\/CR-AG-du-09022024-ACVB.pdf\">CR AG du 09022024 ACVB<\/a><a href=\"https:\/\/acvb18.com\/wp-content\/uploads\/2024\/02\/CR-AG-du-09022024-ACVB.pdf\" class=\"wp-block-file__button wp-element-button\" download aria-describedby=\"wp-block-file--media-7e53aa4c-9cff-4ae6-a697-2e05a1228012\">T\u00e9l\u00e9charger<\/a><\/div>\n\n\n\n<h3 class=\"wp-block-heading\">Compte-rendu de l&rsquo;assembl\u00e9e g\u00e9n\u00e9rale pour l&rsquo;ann\u00e9e 2022<\/h3>\n\n\n\n<div data-wp-interactive=\"core\/file\" class=\"wp-block-file\"><object data-wp-bind--hidden=\"!state.hasPdfPreview\" hidden class=\"wp-block-file__embed\" data=\"https:\/\/acvb18.com\/wp-content\/uploads\/2024\/02\/AG-du-20-01-2023.pdf\" type=\"application\/pdf\" style=\"width:100%;height:600px\" aria-label=\"Contenu embarqu\u00e9 AG du 20 01 2023.\"><\/object><a id=\"wp-block-file--media-f6ab8a47-443a-49fc-8b71-4b0d38e3d6a1\" href=\"https:\/\/acvb18.com\/wp-content\/uploads\/2024\/02\/AG-du-20-01-2023.pdf\">AG du 20 01 2023<\/a><a href=\"https:\/\/acvb18.com\/wp-content\/uploads\/2024\/02\/AG-du-20-01-2023.pdf\" class=\"wp-block-file__button wp-element-button\" download aria-describedby=\"wp-block-file--media-f6ab8a47-443a-49fc-8b71-4b0d38e3d6a1\">T\u00e9l\u00e9charger<\/a><\/div>\n\n\n\n<h3 class=\"wp-block-heading\">Compte-rendu de l&rsquo;assembl\u00e9e g\u00e9n\u00e9rale pour l&rsquo;ann\u00e9e 2021<\/h3>\n\n\n\n<div data-wp-interactive=\"core\/file\" class=\"wp-block-file\"><object data-wp-bind--hidden=\"!state.hasPdfPreview\" hidden class=\"wp-block-file__embed\" data=\"https:\/\/acvb18.com\/wp-content\/uploads\/2024\/02\/CR-AG-du-14012022-ACVB.pdf\" type=\"application\/pdf\" style=\"width:100%;height:600px\" aria-label=\"Contenu embarqu\u00e9 CR AG du 14012022 ACVB.\"><\/object><a id=\"wp-block-file--media-b731afb1-fc16-4b97-aac9-3ddec0aff15f\" href=\"https:\/\/acvb18.com\/wp-content\/uploads\/2024\/02\/CR-AG-du-14012022-ACVB.pdf\">CR AG du 14012022 ACVB<\/a><a href=\"https:\/\/acvb18.com\/wp-content\/uploads\/2024\/02\/CR-AG-du-14012022-ACVB.pdf\" class=\"wp-block-file__button wp-element-button\" download aria-describedby=\"wp-block-file--media-b731afb1-fc16-4b97-aac9-3ddec0aff15f\">T\u00e9l\u00e9charger<\/a><\/div>\n","protected":false},"excerpt":{"rendered":"<p>R\u00e8glement int\u00e9rieur Demande de frais Compte-rendu de l&rsquo;assembl\u00e9e g\u00e9n\u00e9rale pour l&rsquo;ann\u00e9e 2023 Compte-rendu de l&rsquo;assembl\u00e9e g\u00e9n\u00e9rale pour l&rsquo;ann\u00e9e 2022 Compte-rendu de l&rsquo;assembl\u00e9e g\u00e9n\u00e9rale pour l&rsquo;ann\u00e9e 2021<\/p>\n","protected":false},"author":1,"featured_media":0,"parent":0,"menu_order":0,"comment_status":"closed","ping_status":"closed","template":"","meta":{"ngg_post_thumbnail":0,"footnotes":""},"class_list":["post-3758","page","type-page","status-publish","hentry"],"_links":{"self":[{"href":"https:\/\/acvb18.com\/index.php\/wp-json\/wp\/v2\/pages\/3758","targetHints":{"allow":["GET"]}}],"collection":[{"href":"https:\/\/acvb18.com\/index.php\/wp-json\/wp\/v2\/pages"}],"about":[{"href":"https:\/\/acvb18.com\/index.php\/wp-json\/wp\/v2\/types\/page"}],"author":[{"embeddable":true,"href":"https:\/\/acvb18.com\/index.php\/wp-json\/wp\/v2\/users\/1"}],"replies":[{"embeddable":true,"href":"https:\/\/acvb18.com\/index.php\/wp-json\/wp\/v2\/comments?post=3758"}],"version-history":[{"count":9,"href":"https:\/\/acvb18.com\/index.php\/wp-json\/wp\/v2\/pages\/3758\/revisions"}],"predecessor-version":[{"id":3779,"href":"https:\/\/acvb18.com\/index.php\/wp-json\/wp\/v2\/pages\/3758\/revisions\/3779"}],"wp:attachment":[{"href":"https:\/\/acvb18.com\/index.php\/wp-json\/wp\/v2\/media?parent=3758"}],"curies":[{"name":"wp","href":"https:\/\/api.w.org\/{rel}","templated":true}]}}