{"id":4089,"date":"2025-03-12T10:10:59","date_gmt":"2025-03-12T09:10:59","guid":{"rendered":"https:\/\/acvb18.com\/?page_id=4089"},"modified":"2025-03-12T10:10:59","modified_gmt":"2025-03-12T09:10:59","slug":"randonnee-a-vierzon","status":"publish","type":"page","link":"https:\/\/acvb18.com\/index.php\/randonnee-a-vierzon\/","title":{"rendered":"Randonn\u00e9e \u00e0 Vierzon"},"content":{"rendered":"\n<div class=\"wp-block-media-text is-stacked-on-mobile\"><figure class=\"wp-block-media-text__media\"><img loading=\"lazy\" decoding=\"async\" width=\"720\" height=\"720\" src=\"https:\/\/acvb18.com\/wp-content\/uploads\/2025\/03\/20250311_180829.jpg\" alt=\"\" class=\"wp-image-4088 size-full\" srcset=\"https:\/\/acvb18.com\/wp-content\/uploads\/2025\/03\/20250311_180829.jpg 720w, https:\/\/acvb18.com\/wp-content\/uploads\/2025\/03\/20250311_180829-300x300.jpg 300w, https:\/\/acvb18.com\/wp-content\/uploads\/2025\/03\/20250311_180829-150x150.jpg 150w, https:\/\/acvb18.com\/wp-content\/uploads\/2025\/03\/20250311_180829-624x624.jpg 624w\" sizes=\"auto, (max-width: 720px) 100vw, 720px\" \/><\/figure><div class=\"wp-block-media-text__content\">\n<p>Dimanche 9 mars, Brigitte, Patricia, Catherine, Christine, Christ\u00e8le, Dominique et S\u00e9verine ont particip\u00e9 aux diff\u00e9rents parcours de la randonn\u00e9e de Vierzon.<\/p>\n\n\n\n<p>Super parcours avec un temps id\u00e9al.&nbsp;<\/p>\n\n\n\n<p>A renouveler&nbsp;<\/p>\n<\/div><\/div>\n","protected":false},"excerpt":{"rendered":"<p>Dimanche 9 mars, Brigitte, Patricia, Catherine, Christine, Christ\u00e8le, Dominique et S\u00e9verine ont particip\u00e9 aux diff\u00e9rents parcours de la randonn\u00e9e de Vierzon. Super parcours avec un temps id\u00e9al.&nbsp; A renouveler&nbsp;<\/p>\n","protected":false},"author":1,"featured_media":0,"parent":0,"menu_order":0,"comment_status":"closed","ping_status":"closed","template":"","meta":{"ngg_post_thumbnail":0,"footnotes":""},"class_list":["post-4089","page","type-page","status-publish","hentry"],"_links":{"self":[{"href":"https:\/\/acvb18.com\/index.php\/wp-json\/wp\/v2\/pages\/4089","targetHints":{"allow":["GET"]}}],"collection":[{"href":"https:\/\/acvb18.com\/index.php\/wp-json\/wp\/v2\/pages"}],"about":[{"href":"https:\/\/acvb18.com\/index.php\/wp-json\/wp\/v2\/types\/page"}],"author":[{"embeddable":true,"href":"https:\/\/acvb18.com\/index.php\/wp-json\/wp\/v2\/users\/1"}],"replies":[{"embeddable":true,"href":"https:\/\/acvb18.com\/index.php\/wp-json\/wp\/v2\/comments?post=4089"}],"version-history":[{"count":1,"href":"https:\/\/acvb18.com\/index.php\/wp-json\/wp\/v2\/pages\/4089\/revisions"}],"predecessor-version":[{"id":4091,"href":"https:\/\/acvb18.com\/index.php\/wp-json\/wp\/v2\/pages\/4089\/revisions\/4091"}],"wp:attachment":[{"href":"https:\/\/acvb18.com\/index.php\/wp-json\/wp\/v2\/media?parent=4089"}],"curies":[{"name":"wp","href":"https:\/\/api.w.org\/{rel}","templated":true}]}}